{"id":746,"date":"2018-08-14T18:11:03","date_gmt":"2018-08-14T21:11:03","guid":{"rendered":"http:\/\/www.sorbellini.com.ar\/dolphin\/?page_id=746"},"modified":"2018-08-14T18:11:55","modified_gmt":"2018-08-14T21:11:55","slug":"terminos-y-condiciones","status":"publish","type":"page","link":"https:\/\/www.sorbellini.com.ar\/dolphin\/terminos-y-condiciones\/","title":{"rendered":"T\u00c9RMINOS Y CONDICIONES"},"content":{"rendered":"<p class=\"p1\"><span class=\"s1\"><i>Este contrato describe los t\u00e9rminos y condiciones aplicables al acceso y uso de los servicios ofrecidos por Sorbellini y Sorbellini SRL dentro del sitio o subsitios de www.sorbellini.com.ar. Cualquier persona que desee acceder y\/o usar el sitio o los servicios podr\u00e1 hacerlo sujet\u00e1ndose a los T\u00e9rminos y Condiciones Generales, junto con todas las dem\u00e1s pol\u00edticas y principios que rigen en la legislaci\u00f3n vigente y que son incorporados al presente por referencia. En consecuencia, todas las visitas y cada uno de los contratos y transacciones que se realicen en este sitio, como asimismo sus efectos jur\u00eddicos, quedar\u00e1n regidos por estas reglas y sometidas a la legislaci\u00f3n aplicable en la Rep\u00fablica Argentina.-<\/i><\/span><\/p>\n<p class=\"p1\"><span class=\"s1\"><i>Los t\u00e9rminos y condiciones contenidos en este instrumento se aplicar\u00e1n y se entender\u00e1n como formando parte de cada uno de los actos y contratos que se ejecuten o celebren mediante los sistemas de oferta y comercializaci\u00f3n comprendidos en este sitio web entre los usuarios de este sitio y Sorbellini y Sorbellini SRL<\/i><\/span><\/p>\n<p class=\"p1\"><span class=\"s1\"><i>Los t\u00e9rminos y condiciones generales tienen un car\u00e1cter obligatorio y vinculante, por ello las personas que no acepten los mismos deber\u00e1 abstenerse de utilizar el sitio y\/o los servicios.<\/i><\/span><\/p>\n<p class=\"p1\"><span class=\"s1\"><i>En forma previa a cada contrataci\u00f3n, el Usuario deber\u00e1 entender y aceptar todas las condiciones establecidas en los T\u00e9rminos y Condiciones.-<\/i><\/span><\/p>\n<p class=\"p1\"><span class=\"s1\"><i>Si utilizas este Sitio significa que has aceptado plenamente las condiciones establecidas en los T\u00e9rminos y Condiciones<\/i><\/span><\/p>\n<p class=\"p1\"><span class=\"s1\"><b><i>Capacidad<\/i><\/b><i><br \/>\nLos Servicios s\u00f3lo est\u00e1n disponibles para personas que tengan capacidad legal para contratar.<\/i><\/span><\/p>\n<p class=\"p1\"><span class=\"s1\"><b><i>Registraci\u00f3n<\/i><\/b><i><br \/>\nEs obligatorio completar el formulario de registraci\u00f3n en todos sus campos con datos v\u00e1lidos para la adquisici\u00f3n de productos y servicios ofrecidos en este sitio. El futuro Usuario deber\u00e1 completarlo con su informaci\u00f3n personal de manera exacta, precisa y verdadera y asume el compromiso de actualizar los Datos Personales conforme resulte necesario. . Los Usuarios garantizan y responden, en cualquier caso, de la veracidad, exactitud, vigencia y autenticidad de los Datos Personales ingresados.-<\/i><\/span><\/p>\n<p class=\"p1\"><span class=\"s1\"><i>Sorbellini y Sorbellini SRL se reserva el derecho de solicitar alg\u00fan comprobante y\/o dato adicional a efectos de corroborar los Datos Personales, as\u00ed como de suspender temporal o definitivamente a aquellos Usuarios cuyos datos no hayan podido ser confirmados. En estos casos de inhabilitaci\u00f3n, se dar\u00e1 de baja la compra efectuada, sin que ello genere alg\u00fan derecho a resarcimiento.<\/i><\/span><\/p>\n<p>El Usuario dispondr\u00e1, una vez registrado, nombre y contrase\u00f1a o clave definitiva que le permitir\u00e1 el acceso personalizado, confidencial y seguro. El Usuario tendr\u00e1 la posibilidad de cambiar la clave de acceso, para lo cual deber\u00e1 sujetarse al procedimiento establecido en el sitio respectivo. El Usuario se obliga a mantener la confidencialidad de su Clave de acceso, asumiendo totalmente la responsabilidad por el mantenimiento de la confidencialidad de su clave registrada en este sitio que lo habilita para efectuar compras, solicitar servicios y obtener informaci\u00f3n.<\/p>\n<p class=\"p1\"><span class=\"s1\"><i>El Usuario ser\u00e1 responsable por todas las operaciones efectuadas en su Cuenta, Cuenta por s\u00ed y\/o por terceros, pues el acceso a la misma est\u00e1 restringido al ingreso y uso de su Clave de conocimiento exclusivo del Usuario.-<\/i><\/span><\/p>\n<p class=\"p1\"><span class=\"s1\"><i>SORBELLINI Y SORBELLINI SRL se reserva el derecho de rechazar cualquier solicitud de registraci\u00f3n o de cancelar una registraci\u00f3n previamente aceptada, sin que est\u00e9 obligado a comunicar o exponer las razones de su decisi\u00f3n y sin que ello genere alg\u00fan derecho indemnizaci\u00f3n o resarcimiento.-<\/i><\/span><\/p>\n<p class=\"p1\"><span class=\"s1\"><i>.<\/i><b><i>Privacidad<\/i><\/b><\/span><\/p>\n<p class=\"p1\"><span class=\"s1\"><i>Para acceder a los Servicios ofrecidos por SORBELLINI Y SORBELLINI SRL los Usuarios deber\u00e1n facilitar determinados datos de car\u00e1cter personal. Su informaci\u00f3n personal se procesa y almacena en servidores que mantienen seguridad.-<\/i><\/span><\/p>\n<p class=\"p1\"><span class=\"s1\"><i><br \/>\n<\/i><b><i>Modificaciones de T\u00e9rminos y Condiciones:<\/i><\/b><\/span><\/p>\n<p class=\"p1\"><span class=\"s1\"><i>SORBELLINI Y SORBELLINI SRL se reserva expresamente los siguientes derechos: (1) A modificar o eliminar, en forma unilateral, parcial o totalmente, tanto la disposiciones de los elementos que componen el Sitio, como su configuraci\u00f3n general o particular, los servicios o contenidos o sus condiciones de acceso y utilizaci\u00f3n; (2) A denegar o retirar el acceso a este Sitio, sus servicios y contenidos, en cualquier momento y sin aviso previo, a aquellos visitantes que incumplan los T\u00e9rminos y Condiciones, (3) A poner termino, suspender o interrumpir unilateralmente, en cualquier momento y sin aviso previo, la prestaci\u00f3n del servicio del Sitio, (4) A modificar los t\u00e9rminos de los T\u00e9rminos y Condiciones en cualquier momento.<\/i><\/span><\/p>\n<p class=\"p1\"><span class=\"s1\"><i>Los T\u00e9rminos y Condiciones ser\u00e1n interpretados y ejecutados de acuerdo a las leyes de la Rep\u00fablica de Argentina. El Usuario se somete incondicionalmente a la jurisdicci\u00f3n de los tribunales ordinarios de la Ciudad de Casilda \u2013Provincia de Santa Fe, para la resoluci\u00f3n de cualquier duda, dificultad o controversia relacionada con todo o parte de los T\u00e9rminos y Condiciones.-<\/i><\/span><\/p>\n<p class=\"p1\"><span class=\"s1\"><i>El Usuario indemnizar\u00e1 y mantendr\u00e1 indemne a Sorbellini y Sorbellini SRL, titulares, directivos, administradores, representantes y empleados, por cualquier reclamo o demanda de otros Usuarios o terceros por sus actividades en el Sitio o por su incumplimiento de los T\u00e9rminos y Condiciones y dem\u00e1s Pol\u00edticas que se entienden incorporadas al presente o por la violaci\u00f3n de cualesquiera leyes o derechos de terceros, incluyendo los honorarios de abogados en una cantidad razonable.<\/i><\/span><\/p>\n<p class=\"p1\"><span class=\"s1\"><i><br \/>\n<\/i><b><i>Procedimiento<\/i><\/b><\/span><\/p>\n<p class=\"p1\"><span class=\"s1\"><i>En los contratos ofrecidos por medio de este sitio, la empresa oferente informar\u00e1, de manera inequ\u00edvoca y f\u00e1cilmente accesible, los pasos que deben seguirse para celebrarlos, e informar\u00e1, cuando corresponda, si el documento electr\u00f3nico en que se formalice el contrato ser\u00e1 archivado y si \u00e9ste ser\u00e1 accesible al consumidor. El s\u00f3lo hecho de seguir los pasos que para tales efectos se indican en este sitio para efectuar una compra, equivale a aceptar que efectivamente la empresa oferente ha dado cumplimiento a las condiciones contenidas en este n\u00famero. Indicar\u00e1, adem\u00e1s, su direcci\u00f3n de correo postal o electr\u00f3nico y los medios t\u00e9cnicos a disposici\u00f3n del consumidor para identificar y corregir errores en el env\u00edo o en sus datos.<br \/>\n<\/i><b><i><br \/>\nMedios de pago que se podr\u00e1n utilizar:<\/i><\/b><\/span><\/p>\n<p class=\"p1\"><span class=\"s1\"><i>Los productos y servicios ofrecidos en este sitio, salvo que se se\u00f1ale una forma diferente para casos particulares u ofertas de determinados productos s\u00f3lo pueden ser pagados para tu mayor comodidad y seguridad, mediante las siguientes formas de pagos<\/i><\/span><\/p>\n<p class=\"p1\"><span class=\"s1\"><i>.<\/i><\/span><\/p>\n<p class=\"p1\"><span class=\"s1\"><b><i>MercadoPago<\/i><\/b>\u00a0<i>En el caso de elegir pagar a trav\u00e9s\u00a0del servicio de MERCADOPAGO, SORBELLINI Y SORBELLINI SRL no es responsable por las posibles interrupciones del servicio brindado por dicha empresa ni del manejo de la informaci\u00f3n que \u00e9stas puedan realizar. Toda la informaci\u00f3n ingresada por el usuario est\u00e1 protegida por el sistema de MercadoPago. Al momento que Mercado Pago nos notifique la cobranza nosotros procederemos a\u00a0continuar con el proceso de validaci\u00f3n del pedido para continuar con su respectivo despacho.<\/i><\/span><\/p>\n<p class=\"p1\"><span class=\"s1\"><b><i>TodoPago<\/i><\/b>\u00a0<i>En el caso de elegir pagar a trav\u00e9s\u00a0del servicio de TODOPAGO, SORBELLINI Y SORBELLINI SRL no es responsable por las posibles interrupciones del servicio brindado por dicha empresa ni del manejo de la informaci\u00f3n que \u00e9stas puedan realizar. Toda la informaci\u00f3n ingresada por el usuario est\u00e1 protegida por el sistema de TodoPago. Al momento que Todo Pago\u00a0nos notifique la cobranza nosotros procederemos a\u00a0continuar con el proceso de validaci\u00f3n del pedido para continuar con su respectivo despacho.<\/i><\/span><\/p>\n<p class=\"p1\"><span class=\"s1\"><b><i><br \/>\nPerfeccionamiento de los contratos celebrados a trav\u00e9s de este sitio.<\/i><\/b><\/span><\/p>\n<p class=\"p1\"><span class=\"s1\"><i><br \/>\nLa ofertas de productos que podr\u00e1n ser aceptadas a trav\u00e9s de la aceptaci\u00f3n, por v\u00eda electr\u00f3nica o telef\u00f3nica, y utilizando los mecanismos que el mismo sitio ofrece para ello. Toda aceptaci\u00f3n de oferta quedar\u00e1 sujeta a la condici\u00f3n suspensiva de que la empresa oferente valide la transacci\u00f3n y los productos adquiridos en la misma.<\/i><\/span><\/p>\n<p class=\"p1\"><span class=\"s1\"><i>En consecuencia, para toda operaci\u00f3n que se efect\u00fae en este sitio, la confirmaci\u00f3n y\/o validaci\u00f3n o verificaci\u00f3n por parte de la empresa oferente, ser\u00e1 requisito para el perfeccionamiento del contrato. Para validar la transacci\u00f3n la empresa oferente deber\u00e1 verificar:<\/i><\/span><\/p>\n<p class=\"p1\"><span class=\"s1\"><i>a) Que dispone, en el momento de la aceptaci\u00f3n de oferta, de las productos en condiciones y en disponibilidad.<\/i><\/span><\/p>\n<p class=\"p1\"><span class=\"s1\"><i>b) Que valida y acepta el medio de pago ofrecido por el usuario.<\/i><\/span><\/p>\n<p class=\"p1\"><span class=\"s1\"><i>c) Que los datos registrados por el cliente en el sitio coinciden con los proporcionados al efectuar su aceptaci\u00f3n de oferta.<\/i><\/span><\/p>\n<p class=\"p1\"><span class=\"s1\"><i><br \/>\nPara informar al usuario o consumidor acerca de esta validaci\u00f3n, la empresa oferente deber\u00e1 enviar una confirmaci\u00f3n escrita a la misma direcci\u00f3n electr\u00f3nica que haya registrado el usuario aceptante de la oferta, o por cualquier medio de comunicaci\u00f3n que garantice el debido y oportuno conocimiento del consumidor, el que se le indicar\u00e1 previamente en el mismo sitio.<\/i><\/span><\/p>\n<p class=\"p1\"><span class=\"s1\"><b><i>El contrato se entender\u00e1 perfeccionado desde el momento en que se env\u00eda esta confirmaci\u00f3n escrita al usuario adjuntando la Factura correspondiente y en el lugar en que fue expedida.<\/i><\/b><i><\/i><\/span><\/p>\n<p>La aceptaci\u00f3n efectuada por el usuario es irrevocable salvo circunstancias excepcionales y de interpretaci\u00f3n restrictivas.-<\/p>\n<p class=\"p1\"><span class=\"s1\"><i>Al recibir el pedido el cliente tiene que verificar que el embalaje est\u00e9 en condiciones, caso contrario no recibirlo. <\/i><\/span><\/p>\n<p class=\"p1\"><span class=\"s1\"><b><i>La validez de la oferta y precio.<\/i><\/b><\/span><\/p>\n<p class=\"p1\"><span class=\"s1\"><i>La informaci\u00f3n sobre productos y precios est\u00e1 sujeta a cambios sin previo aviso. Todos los precios expresados en el Sitio incluyen IVA, salvo que se indique lo contrario. Todos los precios en el Sitio est\u00e1n expresados en pesos argentinos, moneda de curso legal de la Rep\u00fablica Argentina. No se permite la modalidad de cambio de producto. Antes de comprar, el Usuario deber\u00e1 tener en cuenta que los productos seleccionados pueden no encontrarse disponibles. Toda compra se encuentra sujeta a disponibilidad.<\/i><\/span><\/p>\n<p class=\"p1\"><span class=\"s1\"><i>Validez de las promociones: En el caso de que se realicen ofertas y promociones de Productos, \u00e9stas tendr\u00e1n validez para las compras efectuadas desde la fecha de comienzo de las mismas, hasta la de finalizaci\u00f3n de la oferta seg\u00fan lo expuesto en el Sitio. Los t\u00e9rminos y condiciones de las mismas ser\u00e1n comunicados en el Sitio, y estar\u00e1n siempre sujetas a la existencia en stock de los Productos ofrecidos<\/i><\/span><\/p>\n<p class=\"p1\"><span class=\"s1\"><i><br \/>\n<\/i><b><i>Promociones.<\/i><\/b><\/span><\/p>\n<p class=\"p2\"><span class=\"s1\"><i>Las promociones que se ofrezcan en este sitio web no son necesariamente las mismas que ofrezcan otros canales de venta utilizados por las empresas, tales como tiendas f\u00edsicas<\/i><\/span><\/p>\n<p class=\"p1\"><span class=\"s1\"><b><i>Despacho de los Productos<\/i><\/b><\/span><\/p>\n<p class=\"p1\"><span class=\"s1\"><i><br \/>\nLos productos adquiridos a trav\u00e9s del sitio se sujetar\u00e1n a las condiciones de despacho y entrega elegidas por el usuario y disponibles en el sitio. La informaci\u00f3n del lugar de env\u00edo es de exclusiva responsabilidad del usuario. Los plazos elegidos para el despacho y entrega, se cuentan desde que la empresa oferente haya validado la orden de compra y el medio de pago utilizado, y se consideran d\u00edas h\u00e1biles para el cumplimiento de dicho plazo.<\/i><\/span><\/p>\n<p><b><i>Procedimiento de cambios y devoluciones.<\/i><\/b><\/p>\n<p class=\"p1\"><span class=\"s1\"><i>No se permiten cambios o devoluciones de productos.-<\/i><\/span><\/p>\n<p class=\"p1\"><span class=\"s1\"><b><i><br \/>\nViolaciones del Sistema o Bases de Datos<\/i><\/b><\/span><\/p>\n<p class=\"p1\"><span class=\"s1\"><i>No est\u00e1 permitida ninguna acci\u00f3n o uso de dispositivo, software, u otro medio tendiente a interferir tanto en las actividades como en la operatoria.-<\/i><\/span><\/p>\n<p class=\"p2\"><span class=\"s1\"><i>Al navegar por SORBELLINI.COM.AR<span class=\"Apple-converted-space\">\u00a0 <\/span>queda prohibido: (i) enviar o transmitir material sexual u obsceno; (ii) enviar o transmitir informaci\u00f3n cuyo contenido sea, directa o indirectamente, y sin que lo siguiente se considere una limitaci\u00f3n, trasgresor, profano, abusivo, difamatorio y\/o fraudulento; (iii) enviar o transmitir archivos que contengan virus u otras caracter\u00edsticas destructivas que puedan afectar de manera adversa el funcionamiento de una computadora ajena y\/o puedan afectar el correcto funcionamiento de las mismas y\/o del sitio; utilizar\u00a0<\/i><a href=\"http:\/\/digital-sport.com.ar\/\"><span class=\"s2\"><i>sorbellini.com.ar<\/i><\/span><\/a><i>, directa o indirectamente, para violar cualquier ley aplicable, cualquiera fuese su naturaleza, ya sea provincial, nacional o internacional; (v) utilizar nuestro servicios utilizando un nombre falso, err\u00f3neo o inexistente, ya sea como persona f\u00edsica o jur\u00eddica; (vi) enviar o transmitir informaci\u00f3n de propiedad de terceros o que pudiera afectar adversamente la imagen y\/o los derechos de terceros.<\/i><\/span><\/p>\n<p class=\"p1\"><span class=\"s1\"><b><i>Propiedad Intelectual<\/i><\/b><\/span><\/p>\n<p class=\"p1\"><span class=\"s1\"><i>Los contenidos de las pantallas relativas a los productos ofertados como as\u00ed tambi\u00e9n la informaci\u00f3n, datos, textos gr\u00e1ficos, im\u00e1genes, fotograf\u00edas, audio y video clips, logotipos, iconos, programas, bases de datos, redes, archivos que permiten al Usuario acceder y usar su Cuenta, son de propiedad de Sorbellini y Sorbellini SRL y est\u00e1n protegidas por las leyes y los tratados internacionales de derecho de autor, marcas, patentes, modelos y dise\u00f1os industriales. El uso indebido y la reproducci\u00f3n total o parcial de dichos contenidos quedan prohibidos, salvo autorizaci\u00f3n expresa y por escrito de Sorbellini y Sorbellini SRL.<\/i><\/span><\/p>\n<p class=\"p1\"><span class=\"s1\"><i><br \/>\n<\/i><b><i>Otros sitios web.<\/i><\/b><\/span><\/p>\n<p class=\"p1\"><span class=\"s1\"><i>Sorbellini y Sorbellini SRL<span class=\"Apple-converted-space\">\u00a0 <\/span>no tendr\u00e1n responsabilidad sobre la informaci\u00f3n proporcionada por otros sitios web y las consecuencias que de ello se deriven.<br \/>\nEl Sitio puede contener enlaces a otros sitios web lo cual no indica que sean propiedad u operados por Sorbellini y Sorbellini SRL. En virtud que Sorbellini y Sorbellini SRL no tiene control sobre tales sitios, NO ser\u00e1 responsable por los contenidos, materiales, acciones y\/o servicios prestados por los mismos, ni por da\u00f1os o p\u00e9rdidas ocasionadas por la utilizaci\u00f3n de los mismos, sean causadas directa o indirectamente.<\/i><\/span><\/p>\n<p class=\"p1\"><span class=\"s1\"><b><i>Sanciones. Suspensi\u00f3n de operaciones<\/i><\/b><\/span><\/p>\n<p class=\"p1\"><span class=\"s1\"><i><br \/>\nSin perjuicio de otras medidas, Sorbellini y Sorbellini SRL<span class=\"Apple-converted-space\">\u00a0 <\/span>suspender\u00e1 temporal o inhabilitar\u00e1 definitivamente la Cuenta de un Usuario y podr\u00e1 iniciar las acciones que estime pertinentes, y no le prestar\u00e1 sus Servicios al Usuario que viole la ley, o cualquiera de las estipulaciones de los T\u00e9rminos y Condiciones Generales.-<\/i><\/span><\/p>\n<p class=\"p1\"><span class=\"s1\"><b><i>Fallas en el sistema<\/i><\/b><\/span><\/p>\n<p class=\"p1\"><span class=\"s1\"><i>Sorbellini y Sorbellini SRL<span class=\"Apple-converted-space\">\u00a0 <\/span>no garantiza la inexistencia de eventuales dificultades t\u00e9cnicas o fallas en los sistemas o en Internet Sorbellini y Sorbellini SRL<span class=\"Apple-converted-space\">\u00a0 <\/span>no garantiza el acceso y uso continuado o ininterrumpido de su sitio. El sistema puede eventualmente no estar disponible debido a dificultades t\u00e9cnicas o fallas de Internet, o por cualquier otra circunstancia ajena a Sorbellini y Sorbellini SRL; en tales casos se procurar\u00e1 restablecerlo con la mayor celeridad posible; no garantizando la inexistencia de errores u omisiones en su sitio web.<\/i><\/span><\/p>\n<p class=\"p1\"><span class=\"s1\"><b><i>Tarifas Facturaci\u00f3n\u00a0<\/i><\/b><i>La registraci\u00f3n en Sorbellini y Sorbellini SRL<span class=\"Apple-converted-space\">\u00a0 <\/span>es gratuita. Al adquirir un producto, el usuario deber\u00e1 pagar el precio publicado y en caso de corresponder los gastos de env\u00edo y entrega.<\/i><\/span><\/p>\n<p>La factura a emitirse ser\u00e1 la de consumidor fina o a pedido del cliente podr\u00eda ser factura A.-Reserv\u00e1ndose el derecho de modificar, cambiar, agregar, o eliminar las tarifas vigentes, en cualquier momento, lo cual ser\u00e1 publicado en el sitio. pudiendo modificar temporalmente la Pol\u00edtica de Tarifas y las tarifas por sus servicios por raz\u00f3n de promociones, siendo efectivas estas modificaciones cuando se haga p\u00fablica la promoci\u00f3n o se realice el anuncio y hasta la fecha de su finalizaci\u00f3n.<\/p>\n<p><b><i>Ley Aplicable<\/i><\/b><\/p>\n<p class=\"p1\"><span class=\"s1\"><i>Este acuerdo estar\u00e1 regido en todos sus puntos por las leyes vigentes en la Rep\u00fablica Argentina,<\/i><\/span><\/p>\n<p class=\"p1\"><span class=\"s1\"><b><i>Domicilio<\/i><\/b><i><br \/>\nSe fija como domicilio de Sorbellini y Sorbellini SRL la calle San Luis N\u00ba 2155 de la ciudad de Casilda \u2013Prov. de Santa Fe.<\/i><\/span><\/p>\n","protected":false},"excerpt":{"rendered":"<p>Este contrato describe los t\u00e9rminos y condiciones aplicables al acceso y uso de los servicios ofrecidos por Sorbellini y Sorbellini SRL dentro del sitio o subsitios de www.sorbellini.com.ar. Cualquier persona que desee acceder y\/o usar el sitio o los servicios podr\u00e1 hacerlo sujet\u00e1ndose a los T\u00e9rminos y Condiciones Generales, junto con todas las dem\u00e1s pol\u00edticas [&hellip;]<\/p>\n","protected":false},"author":1,"featured_media":0,"parent":0,"menu_order":0,"comment_status":"closed","ping_status":"closed","template":"","meta":[],"amp_validity":null,"amp_enabled":true,"_links":{"self":[{"href":"https:\/\/www.sorbellini.com.ar\/dolphin\/wp-json\/wp\/v2\/pages\/746"}],"collection":[{"href":"https:\/\/www.sorbellini.com.ar\/dolphin\/wp-json\/wp\/v2\/pages"}],"about":[{"href":"https:\/\/www.sorbellini.com.ar\/dolphin\/wp-json\/wp\/v2\/types\/page"}],"author":[{"embeddable":true,"href":"https:\/\/www.sorbellini.com.ar\/dolphin\/wp-json\/wp\/v2\/users\/1"}],"replies":[{"embeddable":true,"href":"https:\/\/www.sorbellini.com.ar\/dolphin\/wp-json\/wp\/v2\/comments?post=746"}],"version-history":[{"count":2,"href":"https:\/\/www.sorbellini.com.ar\/dolphin\/wp-json\/wp\/v2\/pages\/746\/revisions"}],"predecessor-version":[{"id":748,"href":"https:\/\/www.sorbellini.com.ar\/dolphin\/wp-json\/wp\/v2\/pages\/746\/revisions\/748"}],"wp:attachment":[{"href":"https:\/\/www.sorbellini.com.ar\/dolphin\/wp-json\/wp\/v2\/media?parent=746"}],"curies":[{"name":"wp","href":"https:\/\/api.w.org\/{rel}","templated":true}]}}