{"id":116,"date":"2017-08-20T13:28:31","date_gmt":"2017-08-20T16:28:31","guid":{"rendered":"http:\/\/sorbellini.com.ar\/dolphin\/?post_type=product&#038;p=116"},"modified":"2022-11-02T08:02:13","modified_gmt":"2022-11-02T11:02:13","slug":"robot-dolphin-s300i","status":"publish","type":"product","link":"https:\/\/www.sorbellini.com.ar\/dolphin\/producto\/robot-dolphin-s300i\/","title":{"rendered":"ROBOT DOLPHIN S300i CONSULTAR PRECIO"},"content":{"rendered":"<h1><strong>Dolphin S300i Limpia Piso pared y l\u00ednea de flotaci\u00f3n&nbsp;<\/strong><\/h1>\n<p style=\"text-align: center;\"><strong>CONSULTAR STOCK&nbsp;<\/strong><\/p>\n<p>El sistema aut\u00f3nomo de limpieza de piscinas robotizado Dolphin contribuye a la preservaci\u00f3n del agua y la electricidad y al uso mejorado de qu\u00edmicos en las piscinas de nataci\u00f3n.<\/p>\n<p>Modelo apto para piscinas pintadas, revestidas o de fibra, cuanta con la m\u00e1s alta tecnolog\u00eda en reconocimiento de superficies.<\/p>\n<h2><strong>Consultar IMPORTANTES DESCUENTOS PAGO CONTADO !!!!!<\/strong><\/h2>\n<ul>\n<li>Piscinas de hasta 12 mts. de longitud.<\/li>\n<li>Limpia pisos, paredes, l\u00ednea de flotaci\u00f3n.<\/li>\n<li>Sistema Clever Clean de escaneo.<\/li>\n<li>Sistema de movilidad Power Stream que logra cubrir el total de la piscina.<\/li>\n<li>Filtraci\u00f3n multicapa donde retiene la suciedad gruesa, fina y ultrafina.<\/li>\n<li>Cepillo activo elimina algas y bacterias.<\/li>\n<li>Apertura superior de limpieza de filtros.<\/li>\n<li>Ciclo de limpieza 2,5 hs.<\/li>\n<li>Longitud de cable 18 mts.<\/li>\n<li>24 meses de Garant\u00eda.<\/li>\n<\/ul>\n<p>Consigue unos resultados insuperables a la vez que disfrutas de toda la facilidad y libertad. Controla tu Dolphin S 300i a trav\u00e9s de la fuente de alimentaci\u00f3n Multi-Funci\u00f3n o a trav\u00e9s de tu Smartphone o Tablet con la app MyDolphinTM. El LED intermitente indica el modo en que se encuentra activo.<\/p>\n<h3><strong>App Smartphone MyDolphinTM &#8211; Control<\/strong><\/h3>\n<p><strong>Sistema De Movilidad PowerStream<\/strong><br \/>\nCobertura total de todas las superficies de piscinas &#8211; con el sistema de movilidad PowerStream.<br \/>\nEl sistema de movilidad PowerStram (flujo de agua Multi-direccional) asegura el agarre constante en todo tipo de superficies verticales para una limpieza eficiente de paredes y l\u00ednea de flotaci\u00f3n \u201cNavegaci\u00f3n Mejorada\u201d.<\/p>\n<p><strong>Filtro Multi-Capa<\/strong><br \/>\nSimult\u00e1neamente separa y filtra la suciedad gruesa, fina y ultrafina para conseguir una filtraci\u00f3n eficiente y sin saturarse. F\u00e1cil apertura para una limpieza s\u00faper sencilla.<\/p>\n<p><strong>Cepillo Activo<\/strong><br \/>\nCepillo activo que rota a 2x de la velocidad del limpiafondos aumentando sus capacidades de limpieza.<\/p>\n<p><strong>Opciones Avanzadas Del Programa<\/strong><br \/>\nLa fuente de alimentaci\u00f3n de bajo consumo te permite seleccionar el ciclo y modo de limpieza. Programa el retardo del inicio o el funcionamiento semanal, todo con un f\u00e1cil sistema de control de pantalla t\u00e1ctil.<\/p>\n<p><strong>CleverCleanTM La Mejor Tecnolog\u00eda De Limpieza De Piscinas \u2013 Sin Lugar A Dudas La Mejor Tecnolog\u00eda En Limpieza De Piscinas<\/strong><br \/>\nEste escaneo cubre sistem\u00e1ticamente cada cent\u00edmetro de su piscina, sin dejar de fregar ni una baldosa. El algoritmo de escaneado CleverCleanTM asegura una excelente y eficiente cobertura de Ia piscina.<\/p>\n<p><strong>Express &#8211;&nbsp;Reparaci\u00f3n R\u00e1pida Y Sencilla<\/strong><br \/>\nEste Dolphin est\u00e1 dise\u00f1ado para una reparaci\u00f3n r\u00e1pida y sencilla. El profesional podr\u00e1 reparar y reponer la mayor parte de las piezas sin necesidad de enviar el aparato a f\u00e1brica, para que pueda tener su limpiafondos activo lo antes posible.<\/p>\n<p>Origen: ISRAEL<\/p>\n<h2>Por qu\u00e9 comprar en <strong>Sorbellini y Sorbellini SRL ?<\/strong><\/h2>\n<p>Sorbellini y Sorbellini SRL es uno&nbsp; de los distribuidores Dolphin mas importantes del pa\u00eds, contamos con mas de 15 a\u00f1os comercializando la marca Dolphin, siendo pioneros en la venta de equipos rob\u00f3ticos para limpieza de piscinas.<\/p>\n<p>Contamos con amplio Stock de equipos permanente y la estructura necesaria para llegar a cualquier rinc\u00f3n del pa\u00eds.<\/p>\n<p>Adem\u00e1s contamos con servicio t\u00e9cnico oficial Dolphin en nuestras instalaciones y personal altamente calificado que puede ayudarte al momento de definir la mejor opci\u00f3n para tu piscina.<\/p>\n","protected":false},"excerpt":{"rendered":"<h2><strong>Consultar IMPORTANTES DESCUENTOS PAGO CONTADO !!!!!<\/strong><\/h2>\n<p><strong>DOLPHIN S300I. El Robot m\u00e1s completo de toda la gama Dolphin\u00a0<\/strong><\/p>\n<ul>\n<li>Piscinas de hasta 12 mts. de longitud.<\/li>\n<li>Limpia pisos, paredes, l\u00ednea de flotaci\u00f3n.<\/li>\n<li>Sistema Clever Clean de escaneo.<\/li>\n<li>Sistema de movilidad Power Stream que logra cubrir el total de la piscina.<\/li>\n<li>Filtraci\u00f3n multicapa donde retiene la suciedad gruesa, fina y ultrafina.<\/li>\n<li>Cepillo activo elimina algas y bacterias.<\/li>\n<\/ul>\n","protected":false},"featured_media":1653,"template":"","meta":[],"_links":{"self":[{"href":"https:\/\/www.sorbellini.com.ar\/dolphin\/wp-json\/wp\/v2\/product\/116"}],"collection":[{"href":"https:\/\/www.sorbellini.com.ar\/dolphin\/wp-json\/wp\/v2\/product"}],"about":[{"href":"https:\/\/www.sorbellini.com.ar\/dolphin\/wp-json\/wp\/v2\/types\/product"}],"wp:featuredmedia":[{"embeddable":true,"href":"https:\/\/www.sorbellini.com.ar\/dolphin\/wp-json\/wp\/v2\/media\/1653"}],"wp:attachment":[{"href":"https:\/\/www.sorbellini.com.ar\/dolphin\/wp-json\/wp\/v2\/media?parent=116"}],"curies":[{"name":"wp","href":"https:\/\/api.w.org\/{rel}","templated":true}]}}