{"id":1377,"date":"2021-07-13T08:26:13","date_gmt":"2021-07-13T11:26:13","guid":{"rendered":"https:\/\/www.sorbellini.com.ar\/dolphin\/?post_type=product&#038;p=1377"},"modified":"2022-11-02T07:56:38","modified_gmt":"2022-11-02T10:56:38","slug":"dolphin-m600","status":"publish","type":"product","link":"https:\/\/www.sorbellini.com.ar\/dolphin\/producto\/dolphin-m600\/","title":{"rendered":"ROBOT Dolphin M600 CONSULTAR PRECIO"},"content":{"rendered":"\n<p><strong>IMPORTANTES DESCUENTOS<\/strong><\/p>\n","protected":false},"excerpt":{"rendered":"<p>Dolphin M 600 Una limpieza superior, a\u00fan m\u00e1s f\u00e1cil Desarrollado para para combatir la suciedad m\u00e1s resistente. El limpiafondos autom\u00e1tico Maytronics Dolphin M 600 convierte la limpieza de tu piscina en una labor muy sencilla gracias a su f\u00e1cil manejo y funcionamiento intuitivo. Con un dise\u00f1o innovador y tecnolog\u00edas avanzadas, este limpiafondos marca el comienzo de una nueva era de m\u00e1ximo rendimiento en la limpieza de piscinas. Con la nueva aplicaci\u00f3n m\u00f3vil MyDolphin\u2122 Plus, el M 600 siempre est\u00e1 conectado, lo que te permite controlar el limpiafondos desde cualquier lugar y en cualquier momento. Caracter\u00edsticas Sistema de movilidad PowerStream con doble motor de tracci\u00f3n para que el robot llegue a todos los \u00e1ngulos Aplicaci\u00f3n m\u00f3vil MyDolphin\u2122 Plus Config\u00faralo y olv\u00eddate. Controla tu robot desde cualquier sitio Cable sin enredos F\u00e1cil, limpio y seguro Acceso al filtro de carga superior La cesta del filtro se coloca por la parte superior para facilitar su limpieza Recogerlo f\u00e1cilmente Sale a la superficie para que puedas recogerlo f\u00e1cilmente Limpiafondos Dolphin M600 con 3 a\u00f1os de Garant\u00eda El nuevo limpiafondos Dolphin M600 supone el m\u00e1ximo rendimiento de limpieza con el m\u00ednimo esfuerzo y complicaciones. El nuevo robot limpiafondos de piscina Maytronics Dolphin M600 convierte la limpieza de tu piscina en una labor muy sencilla, manteni\u00e9ndola limpia y lista para su disfrute, con el m\u00ednimo esfuerzo y complicaci\u00f3n. Limpia y elimina activamente algas y bacterias. Dise\u00f1o innovador para conseguir el m\u00e1ximo rendimiento de limpieza, un f\u00e1cil manejo y un funcionamiento sencillo que no requiere intervenci\u00f3n por tu parte. Conectado en todo momento a la nube para que siempre tengas el control en tus manos, independientemente de d\u00f3nde te encuentres. Mant\u00e9n tu piscina perfecta desde cualquier sitio y en cualquier momento. Swivel Giratorio para prenvenci\u00f3n de enredos Dolphin elimina los cables enredados gracias a su sistema patentado de Cables Anti Nudos. El Swivel garantiza el libre movimiento del robot por toda la superficie de la piscina y garantiza que el cable permanecer\u00e1 libre y despejado de enredos, lo que permite la m\u00e1xima cobertura de espacio y optimiza la limpieza de nuestra piscina. Swivel Dolphin M600 filtros Dolphin m600 Filtro Grande para todo el a\u00f1o El limpiafondos Dolphin M600 est\u00e1 equipado con una cesta extra grande con contienen filtros multicapas y al cual se accede desde la parte superior, este potente filtro tiene una asombrosa tasa de succi\u00f3n de un 25% en comparaci\u00f3n con cualquier otro filtro de Dolphin, optimizando de forma excepcional la limpieza de nuestra piscina Doble Motor de Tracci\u00f3n gracias al Sistema PowerStream El sistema de movilidad PowerStream con doble motor de tracci\u00f3n proporciona al Robot M600 de Dolphin una \u00f3ptima cobertura de toda la superficie de la piscina PowerStream Dolphin M600 Cepillo + Limpieza activa Dolphin m600 Cepillo + Limpieza Activa y Sistema Pick Me Up Gracias al cepillo + limpieza activa del M600 limpia y elimina activamente algas y bacterias. Adem\u00e1s gracias al sistema de recogida Pick Me Up, el robot sale a la superficie para ser recogido f\u00e1cilmente. Ya no har\u00e1 falta tirar del cable, este sistema de la aplicaci\u00f3n hace que el limpiafondos espere de forma conveniente al borde de su piscina. Siempre Conectado a su Limpiafondos M600 gracias a MyDolphin\u2122 Plus Maytronics ha creado una aplicaci\u00f3n para que pueda controlar su limpiafondos autom\u00e1tico Dolphin desde cualquier lugar. Simplemente config\u00farelo y olv\u00eddese. El limpiafondos Dolphin M600 incorpora la fuente de alimentaci\u00f3n Always Connected MyDolphin\u2122 Plus que le permite controlar su limpiafondos autom\u00e1tico: Seleccione modos y ciclos, reciba notificaciones, configura el temporizador semanal, manteniendo su piscina perfecta desde cualquier sitio y en cualquier momento. APP Maytronics Plus Caracter\u00edsticas, ventajas y especificaciones t\u00e9cnicas del limpiafondos Dolphin M600: Cepilla, friega, aspira y filtra toda la piscina incluyendo el piso, las paredes y la l\u00ednea de flotaci\u00f3n. El sistema de escaneo CleaverClean utiliza un avanzado software de navegaci\u00f3n mediante giroscopio. Esto asegura que la piscina se limpiar\u00e1 usando la ruta de trabajo m\u00e1s eficaz y que el sistema navega autom\u00e1ticamente alrededor de los obst\u00e1culos y vuelve r\u00e1pidamente a su ruta normal de trabajo. Abertura superior para extracci\u00f3n del cesto de filtraci\u00f3n para mantenimiento f\u00e1cil y conveniente. El sistema Swivel garantiza que el cable permanecer\u00e1 libre y despejado de enredos. Duraci\u00f3n del ciclo 1.5\/2\/2.5 horas Sistema de filtraci\u00f3n de doble nivel, red ultra-fina y de limpieza a fondo para todo tipo de suciedad y detritos, incluso part\u00edculas peque\u00f1as. V\u00e1lvulas de agua unidireccionales evitan el escape de detritos y aseguran r\u00e1pido drenaje del agua. App My Dolphin Plus para pragramaci\u00f3n, direcci\u00f3n, avisos alertas, Temporizador semanal. Motor dual para maniobrabilidad y cobertura \u00f3ptimas de la piscina sin importar la forma, el declive y los obst\u00e1culos. Mecanismo autom\u00e1tico de protecci\u00f3n del motor. Baja tensi\u00f3n, bajo consumo de energ\u00eda. DIY \u2013 mantenimiento f\u00e1cil, al nivel del usuario y del distribuidor local. Incluye carro de limpiafondos Dolphin.<\/p>\n","protected":false},"featured_media":1649,"template":"","meta":[],"_links":{"self":[{"href":"https:\/\/www.sorbellini.com.ar\/dolphin\/wp-json\/wp\/v2\/product\/1377"}],"collection":[{"href":"https:\/\/www.sorbellini.com.ar\/dolphin\/wp-json\/wp\/v2\/product"}],"about":[{"href":"https:\/\/www.sorbellini.com.ar\/dolphin\/wp-json\/wp\/v2\/types\/product"}],"wp:featuredmedia":[{"embeddable":true,"href":"https:\/\/www.sorbellini.com.ar\/dolphin\/wp-json\/wp\/v2\/media\/1649"}],"wp:attachment":[{"href":"https:\/\/www.sorbellini.com.ar\/dolphin\/wp-json\/wp\/v2\/media?parent=1377"}],"curies":[{"name":"wp","href":"https:\/\/api.w.org\/{rel}","templated":true}]}}