{"id":22,"date":"2017-08-20T22:42:32","date_gmt":"2017-08-21T01:42:32","guid":{"rendered":"http:\/\/sorbellini.com.ar\/prueba\/?post_type=product&#038;p=22"},"modified":"2022-11-02T08:00:26","modified_gmt":"2022-11-02T11:00:26","slug":"robot-dolphin-s100","status":"publish","type":"product","link":"https:\/\/www.sorbellini.com.ar\/dolphin\/producto\/robot-dolphin-s100\/","title":{"rendered":"ROBOT DOLPHIN S100 CONSULTAR PRECIO"},"content":{"rendered":"<h1><strong>Robot Dolphin S100<\/strong><\/h1>\n<h1 style=\"text-align: center;\"><strong>IMPORTANTES DESCUENTOS PAGO CONTADO &#8230; CONTACTANOS!!!!!!<\/strong><\/h1>\n<p style=\"text-align: center;\"><strong>CONSULTAR STOCK&nbsp;<\/strong><\/p>\n<p>Es un sistema aut\u00f3nomo de limpieza de piscinas robotizado que contribuye a la preservaci\u00f3n del agua y la electricidad y al uso mejorado de qu\u00edmicos en las piscinas de nataci\u00f3n.<\/p>\n<p>Dolphin S100 es un modelo apto para piscinas pintadas, revestidas o de fibra, cuanta con la m\u00e1s alta tecnolog\u00eda en reconocimiento de superficies.<\/p>\n<ul>\n<li>Piscinas de hasta 10 mts. de longitud.<\/li>\n<li>Cepilla, aspira y filtra pisos, \u00e1ngulos y paredes.<\/li>\n<li>Opci\u00f3n de limpieza Est\u00e1ndar.<\/li>\n<li>Ciclo de limpieza de 2 hs.<\/li>\n<li>Canasta de filtrado de f\u00e1cil limpieza.<\/li>\n<li>Longitud del cable 15 mts.<\/li>\n<li><strong>12 meses de garant\u00eda.<\/strong><\/li>\n<\/ul>\n<p>El Robolt&nbsp;<em>Dolphin S 100<\/em>&nbsp;es el limpiafondos de tus sue\u00f1os a un precio c\u00f3modo y asequible. Este limpiafondos ligero y peque\u00f1o es el id\u00f3neo para todo tipo de piscinas de hasta 10m de longitud, incluso para piscinas elevadas.<\/p>\n<h1 style=\"text-align: center;\"><strong>IMPORTANTES DESCUENTOS PAGO CONTADO &#8230; CONTACTANOS!!!!!!<\/strong><\/h1>\n<h3><strong>Un funcionamiento sin esfuerzo<\/strong><\/h3>\n<p>Robot Dolphin S100 posee un sistema de filtraci\u00f3n de acceso superior \u2013 con un m\u00e9todo r\u00e1pido y sencillo de vaciado y limpieza.<br \/>\nEs ligero y f\u00e1cil de manejar.<\/p>\n<p>Liberaci\u00f3n de agua r\u00e1pida y sin suciedad.<\/p>\n<h3><strong>Resultados de limpieza cristalina<\/strong><\/h3>\n<p>Acci\u00f3n de cepillado activo que elimina algas y bacterias.<br \/>\nSistema de filtraci\u00f3n efectivo y f\u00e1cil de usar.<br \/>\nRetenci\u00f3n de suciedad eficiente \u2013 Recoge suciedad fina y restos gruesos.<\/p>\n<h3><strong>Tranquilidad<\/strong><\/h3>\n<p>Fiabilidad demostrada \u2013 fabricados por Maytronics, empresa l\u00edder en limpiafondos autom\u00e1ticos.<br \/>\nServicio r\u00e1pido de reparaci\u00f3n.<\/p>\n<h3><strong>Origen:&nbsp;<\/strong><\/h3>\n<p>Israel<\/p>\n<h2><strong>Por qu\u00e9 comprar en Sorbellini y Sorbellini SRL ?<\/strong><\/h2>\n<p>Sorbellini y Sorbellini SRL es uno&nbsp; de los distribuidores Dolphin mas importantes del pa\u00eds, contamos con mas de 15 a\u00f1os comercializando la marca Dolphin, siendo pioneros en la venta de equipos rob\u00f3ticos para limpieza de piscinas.<\/p>\n<p>Contamos con amplio Stock de equipos permanente y la estructura necesaria para llegar a cualquier rinc\u00f3n del pa\u00eds.<\/p>\n<p>Adem\u00e1s contamos con servicio t\u00e9cnico oficial Dolphin en nuestras instalaciones y personal altamente calificado que puede ayudarte al momento de definir la mejor opci\u00f3n para tu piscina.<\/p>\n","protected":false},"excerpt":{"rendered":"<h1 style=\"text-align: center;\"><strong>IMPORTANTES DESCUENTOS PAGO CONTADO &#8230; CONTACTANOS!!!!!!<\/strong><\/h1>\n<h2>ENV\u00cdO GRATIS<\/h2>\n<ul>\n<li>Piscinas de hasta 10 mts. de longitud<\/li>\n<li>Cepilla, aspira y filtra pisos, \u00e1ngulos y paredes.<\/li>\n<li>Opci\u00f3n de limpieza Est\u00e1ndar.<\/li>\n<li>Ciclo de limpieza de 2 hs.<\/li>\n<\/ul>\n","protected":false},"featured_media":1651,"template":"","meta":[],"_links":{"self":[{"href":"https:\/\/www.sorbellini.com.ar\/dolphin\/wp-json\/wp\/v2\/product\/22"}],"collection":[{"href":"https:\/\/www.sorbellini.com.ar\/dolphin\/wp-json\/wp\/v2\/product"}],"about":[{"href":"https:\/\/www.sorbellini.com.ar\/dolphin\/wp-json\/wp\/v2\/types\/product"}],"wp:featuredmedia":[{"embeddable":true,"href":"https:\/\/www.sorbellini.com.ar\/dolphin\/wp-json\/wp\/v2\/media\/1651"}],"wp:attachment":[{"href":"https:\/\/www.sorbellini.com.ar\/dolphin\/wp-json\/wp\/v2\/media?parent=22"}],"curies":[{"name":"wp","href":"https:\/\/api.w.org\/{rel}","templated":true}]}}