{"id":24,"date":"2017-08-20T23:45:01","date_gmt":"2017-08-21T02:45:01","guid":{"rendered":"http:\/\/sorbellini.com.ar\/prueba\/?post_type=product&#038;p=24"},"modified":"2022-11-02T07:59:12","modified_gmt":"2022-11-02T10:59:12","slug":"robot-dolphin-s50","status":"publish","type":"product","link":"https:\/\/www.sorbellini.com.ar\/dolphin\/producto\/robot-dolphin-s50\/","title":{"rendered":"ROBOT DOLPHIN S50 CONSULTAR PRECIO"},"content":{"rendered":"<h1>Robot Dolphin S50 Limpia piso y \u00e1ngulos de la piscina<\/h1>\n<p>Ee Robot Dolphin S50 es el equipo ideal para aquellas personas que adquieren su primer robot.<\/p>\n<p>Lo recomendamos especialmente en piletas:<\/p>\n<ul>\n<li>lona<\/li>\n<li>con sistema de limpieza autom\u00e1tica de paredes<\/li>\n<li>elevadas<\/li>\n<\/ul>\n<p><b>Caracter\u00edsticas<\/b><strong>&nbsp;<\/strong><\/p>\n<ul>\n<li>Piscinas de hasta 10 mts. de longitud.<\/li>\n<li>Cepilla, aspira y filtra pisos y \u00e1ngulos.<\/li>\n<li>Opci\u00f3n de limpieza Est\u00e1ndar.<\/li>\n<li>Ciclo de limpieza de 1,5 hs.<\/li>\n<li>Canasta de filtrado de f\u00e1cil limpieza.<\/li>\n<li>Longitud del cable 12 mts.<\/li>\n<li>12 meses de garant\u00eda.<\/li>\n<\/ul>\n<h2><strong>IMPORTANTE DESCUENTO PAGO CONTADO O TRANSFERENCIA&#8230;&nbsp;<\/strong><strong>CONTACTANOS !!!!<\/strong><\/h2>\n<p>Hacemos FACTURA A o B<\/p>\n<h2>Por qu\u00e9 comprar en <strong>Sorbellini y Sorbellini SRL ?<\/strong><\/h2>\n<p>Sorbellini y Sorbellini SRL es uno&nbsp; de los distribuidores Dolphin mas importantes del pa\u00eds, contamos con mas de 15 a\u00f1os comercializando la marca Dolphin, siendo pioneros en la venta de equipos rob\u00f3ticos para limpieza de piscinas.<\/p>\n<p>Contamos con amplio Stock de equipos permanente y la estructura necesaria para llegar a cualquier rinc\u00f3n del pa\u00eds.<\/p>\n<p>Adem\u00e1s contamos con servicio t\u00e9cnico oficial Dolphin en nuestras instalaciones y personal altamente calificado que puede ayudarte al momento de definir la mejor opci\u00f3n para tu piscina.<\/p>\n","protected":false},"excerpt":{"rendered":"<ul>\n<li>Piscinas de hasta 10 mts. de longitud.<\/li>\n<li>Cepilla, aspira y filtra pisos y \u00e1ngulos.<\/li>\n<li>Opci\u00f3n de limpieza Est\u00e1ndar.<\/li>\n<\/ul>\n<p><strong>IMPORTANTE DESCUENTO PAGO CONTADO O TRANSFERENCIA<\/strong><\/p>\n","protected":false},"featured_media":1650,"template":"","meta":[],"_links":{"self":[{"href":"https:\/\/www.sorbellini.com.ar\/dolphin\/wp-json\/wp\/v2\/product\/24"}],"collection":[{"href":"https:\/\/www.sorbellini.com.ar\/dolphin\/wp-json\/wp\/v2\/product"}],"about":[{"href":"https:\/\/www.sorbellini.com.ar\/dolphin\/wp-json\/wp\/v2\/types\/product"}],"wp:featuredmedia":[{"embeddable":true,"href":"https:\/\/www.sorbellini.com.ar\/dolphin\/wp-json\/wp\/v2\/media\/1650"}],"wp:attachment":[{"href":"https:\/\/www.sorbellini.com.ar\/dolphin\/wp-json\/wp\/v2\/media?parent=24"}],"curies":[{"name":"wp","href":"https:\/\/api.w.org\/{rel}","templated":true}]}}